{"id":2459,"date":"2026-04-23T10:54:58","date_gmt":"2026-04-23T13:54:58","guid":{"rendered":"https:\/\/milkshowagro.com.br\/?page_id=2459"},"modified":"2026-04-23T10:59:26","modified_gmt":"2026-04-23T13:59:26","slug":"fora-do-ar","status":"publish","type":"page","link":"https:\/\/milkshowagro.com.br\/","title":{"rendered":"Fora do ar"},"content":{"rendered":"\t\t<div data-elementor-type=\"wp-page\" data-elementor-id=\"2459\" class=\"elementor elementor-2459\" data-elementor-post-type=\"page\">\n\t\t\t\t<div class=\"elementor-element elementor-element-3ef64ae e-flex e-con-boxed e-con e-parent\" data-id=\"3ef64ae\" data-element_type=\"container\" data-e-type=\"container\" data-settings=\"{&quot;background_background&quot;:&quot;classic&quot;}\">\n\t\t\t\t\t<div class=\"e-con-inner\">\n\t\t\t\t<div class=\"elementor-element elementor-element-0b01f9a elementor-widget elementor-widget-image\" data-id=\"0b01f9a\" data-element_type=\"widget\" data-e-type=\"widget\" data-widget_type=\"image.default\">\n\t\t\t\t<div class=\"elementor-widget-container\">\n\t\t\t\t\t\t\t\t\t\t\t\t\t\t\t<img fetchpriority=\"high\" decoding=\"async\" width=\"600\" height=\"392\" src=\"https:\/\/milkshowagro.com.br\/wp-content\/uploads\/2024\/10\/MILKSHOW-logotipo6-e1764080688289.png\" class=\"attachment-large size-large wp-image-931\" alt=\"\" srcset=\"https:\/\/milkshowagro.com.br\/wp-content\/uploads\/2024\/10\/MILKSHOW-logotipo6-e1764080688289.png 600w, https:\/\/milkshowagro.com.br\/wp-content\/uploads\/2024\/10\/MILKSHOW-logotipo6-e1764080688289-300x196.png 300w\" sizes=\"(max-width: 600px) 100vw, 600px\" \/>\t\t\t\t\t\t\t\t\t\t\t\t\t\t\t<\/div>\n\t\t\t\t<\/div>\n\t\t\t\t<div class=\"elementor-element elementor-element-ebb5d19 elementor-widget elementor-widget-text-editor\" data-id=\"ebb5d19\" data-element_type=\"widget\" data-e-type=\"widget\" data-widget_type=\"text-editor.default\">\n\t\t\t\t<div class=\"elementor-widget-container\">\n\t\t\t\t\t\t\t\t\t<p><strong>Em manuten\u00e7\u00e3o <\/strong><br \/>D\u00favidas ou informa\u00e7\u00f5es<\/p><p><strong>(34) 3818 8025<\/strong><\/p>\t\t\t\t\t\t\t\t<\/div>\n\t\t\t\t<\/div>\n\t\t\t\t\t<\/div>\n\t\t\t\t<\/div>\n\t\t\t\t<\/div>\n\t\t","protected":false},"excerpt":{"rendered":"<p>Em manuten\u00e7\u00e3o D\u00favidas ou informa\u00e7\u00f5es (34) 3818 8025<\/p>\n","protected":false},"author":2,"featured_media":0,"parent":0,"menu_order":0,"comment_status":"closed","ping_status":"closed","template":"elementor_canvas","meta":{"_joinchat":[],"footnotes":""},"class_list":["post-2459","page","type-page","status-publish","hentry"],"_links":{"self":[{"href":"https:\/\/milkshowagro.com.br\/index.php?rest_route=\/wp\/v2\/pages\/2459","targetHints":{"allow":["GET"]}}],"collection":[{"href":"https:\/\/milkshowagro.com.br\/index.php?rest_route=\/wp\/v2\/pages"}],"about":[{"href":"https:\/\/milkshowagro.com.br\/index.php?rest_route=\/wp\/v2\/types\/page"}],"author":[{"embeddable":true,"href":"https:\/\/milkshowagro.com.br\/index.php?rest_route=\/wp\/v2\/users\/2"}],"replies":[{"embeddable":true,"href":"https:\/\/milkshowagro.com.br\/index.php?rest_route=%2Fwp%2Fv2%2Fcomments&post=2459"}],"version-history":[{"count":7,"href":"https:\/\/milkshowagro.com.br\/index.php?rest_route=\/wp\/v2\/pages\/2459\/revisions"}],"predecessor-version":[{"id":2467,"href":"https:\/\/milkshowagro.com.br\/index.php?rest_route=\/wp\/v2\/pages\/2459\/revisions\/2467"}],"wp:attachment":[{"href":"https:\/\/milkshowagro.com.br\/index.php?rest_route=%2Fwp%2Fv2%2Fmedia&parent=2459"}],"curies":[{"name":"wp","href":"https:\/\/api.w.org\/{rel}","templated":true}]}}